{"id":1769,"date":"2022-03-08T12:30:58","date_gmt":"2022-03-08T11:30:58","guid":{"rendered":"https:\/\/localhost\/easysoles\/versandarten\/"},"modified":"2023-03-06T12:10:15","modified_gmt":"2023-03-06T11:10:15","slug":"versandarten","status":"publish","type":"page","link":"https:\/\/easysoles.info\/en\/versandarten\/","title":{"rendered":"Shipping methods"},"content":{"rendered":"<div data-elementor-type=\"wp-page\" data-elementor-id=\"1769\" class=\"elementor elementor-1769\">\n\t\t\t\t\t\t\t\t\t<section class=\"elementor-section elementor-top-section elementor-element elementor-element-54937f72 elementor-section-boxed elementor-section-height-default elementor-section-height-default\" data-id=\"54937f72\" data-element_type=\"section\">\n\t\t\t\t\t\t<div class=\"elementor-container elementor-column-gap-default\">\n\t\t\t\t\t<div class=\"elementor-column elementor-col-100 elementor-top-column elementor-element elementor-element-6489c206\" data-id=\"6489c206\" data-element_type=\"column\">\n\t\t\t<div class=\"elementor-widget-wrap elementor-element-populated\">\n\t\t\t\t\t\t\t\t<div class=\"elementor-element elementor-element-d4e7223 elementor-widget elementor-widget-heading\" data-id=\"d4e7223\" data-element_type=\"widget\" data-widget_type=\"heading.default\">\n\t\t\t\t<div class=\"elementor-widget-container\">\n\t\t\t<style>\/*! elementor - v3.11.5 - 14-03-2023 *\/\n.elementor-heading-title{padding:0;margin:0;line-height:1}.elementor-widget-heading .elementor-heading-title[class*=elementor-size-]>a{color:inherit;font-size:inherit;line-height:inherit}.elementor-widget-heading .elementor-heading-title.elementor-size-small{font-size:15px}.elementor-widget-heading .elementor-heading-title.elementor-size-medium{font-size:19px}.elementor-widget-heading .elementor-heading-title.elementor-size-large{font-size:29px}.elementor-widget-heading .elementor-heading-title.elementor-size-xl{font-size:39px}.elementor-widget-heading .elementor-heading-title.elementor-size-xxl{font-size:59px}<\/style><h1 class=\"elementor-heading-title elementor-size-default\">Shipping methods<\/h1>\t\t<\/div>\n\t\t\t\t<\/div>\n\t\t\t\t<div class=\"elementor-element elementor-element-917f636 elementor-widget elementor-widget-text-editor\" data-id=\"917f636\" data-element_type=\"widget\" data-widget_type=\"text-editor.default\">\n\t\t\t\t<div class=\"elementor-widget-container\">\n\t\t\t<style>\/*! elementor - v3.11.5 - 14-03-2023 *\/\n.elementor-widget-text-editor.elementor-drop-cap-view-stacked .elementor-drop-cap{background-color:#818a91;color:#fff}.elementor-widget-text-editor.elementor-drop-cap-view-framed .elementor-drop-cap{color:#818a91;border:3px solid;background-color:transparent}.elementor-widget-text-editor:not(.elementor-drop-cap-view-default) .elementor-drop-cap{margin-top:8px}.elementor-widget-text-editor:not(.elementor-drop-cap-view-default) .elementor-drop-cap-letter{width:1em;height:1em}.elementor-widget-text-editor .elementor-drop-cap{float:left;text-align:center;line-height:1;font-size:50px}.elementor-widget-text-editor .elementor-drop-cap-letter{display:inline-block}<\/style>\t\t\t\t<p>In allen dargestellten Preisen sind die gesetzliche Umsatzsteuer und sonstige Preisbestandteile enthalten ohne die jeweilig anfallenden Liefer- und Versandkosten.<\/p>\n<p>Beim Kauf und der anschlie\u00dfenden Versendung unserer Waren berechnen wir folgende Verpackungs- und Versandgeb\u00fchren:<\/p>\t\t\t\t\t\t<\/div>\n\t\t\t\t<\/div>\n\t\t\t\t<div class=\"elementor-element elementor-element-c741890 elementor-widget elementor-widget-heading\" data-id=\"c741890\" data-element_type=\"widget\" data-widget_type=\"heading.default\">\n\t\t\t\t<div class=\"elementor-widget-container\">\n\t\t\t<h4 class=\"elementor-heading-title elementor-size-default\">Germany<\/h4>\t\t<\/div>\n\t\t\t\t<\/div>\n\t\t\t\t<div class=\"elementor-element elementor-element-fe6b019 elementor-widget elementor-widget-heading\" data-id=\"fe6b019\" data-element_type=\"widget\" data-widget_type=\"heading.default\">\n\t\t\t\t<div class=\"elementor-widget-container\">\n\t\t\t<h4 class=\"elementor-heading-title elementor-size-default\"><b>F\u00fcr Sendungen innerhalb Deutschlands fallen keine Versandkosten an.<\/b><\/h4>\t\t<\/div>\n\t\t\t\t<\/div>\n\t\t\t\t<div class=\"elementor-element elementor-element-84d5bad elementor-widget elementor-widget-heading\" data-id=\"84d5bad\" data-element_type=\"widget\" data-widget_type=\"heading.default\">\n\t\t\t\t<div class=\"elementor-widget-container\">\n\t\t\t<h5 class=\"elementor-heading-title elementor-size-default\">Versandwege:<\/h5>\t\t<\/div>\n\t\t\t\t<\/div>\n\t\t\t\t<div class=\"elementor-element elementor-element-49a68e4 elementor-widget elementor-widget-text-editor\" data-id=\"49a68e4\" data-element_type=\"widget\" data-widget_type=\"text-editor.default\">\n\t\t\t\t<div class=\"elementor-widget-container\">\n\t\t\t\t\t\t\t<ol type=\"1\">\n<li>Den Versand der\u00a0<a style=\"text-decoration: none;\" href=\"https:\/\/mars.ps.local:8100\/fussabdruckset\/\">Trittschaumbox<\/a>\u00a0\u00a0zum Kunden<\/li>\n<li>R\u00fcckversand der\u00a0<a style=\"text-decoration: none;\" href=\"https:\/\/mars.ps.local:8100\/fussabdruckset\/\">Trittschaumbox\u00a0<\/a>\u00a0vom Kunden an easySoles (f\u00fcr die R\u00fccksendung der Footprint-Box liegt ein ausreichend frankiertes R\u00fccksendelabel bei)<\/li>\n<li>Den Versand der Einlage zum Kunden<\/li>\n<\/ol>\t\t\t\t\t\t<\/div>\n\t\t\t\t<\/div>\n\t\t\t\t<div class=\"elementor-element elementor-element-9e4e35a elementor-widget elementor-widget-heading\" data-id=\"9e4e35a\" data-element_type=\"widget\" data-widget_type=\"heading.default\">\n\t\t\t\t<div class=\"elementor-widget-container\">\n\t\t\t<h4 class=\"elementor-heading-title elementor-size-default\">Weitere L\u00e4nder<\/h4>\t\t<\/div>\n\t\t\t\t<\/div>\n\t\t\t\t<div class=\"elementor-element elementor-element-5a25fe2 elementor-widget elementor-widget-text-editor\" data-id=\"5a25fe2\" data-element_type=\"widget\" data-widget_type=\"text-editor.default\">\n\t\t\t\t<div class=\"elementor-widget-container\">\n\t\t\t\t\t\t\t<p>F\u00fcr Sendungen nach Belgien, Bulgarien, D\u00e4nemark, Estland, Finnland, Frankreich, Griechenland, Irland, Italien, Kroatien, Lettland, Litauen, Luxemburg, Malta, Niederlande, Polen, Portugal, Rum\u00e4nien, Schweden, Schweiz, Slowakei, Slowenien, Spanien, Tschechien, Ungarn, Zypern und \u00d6sterreich Schweiz fallen Versandkosten in H\u00f6he von 19,90 \u20ac an.<\/p>\t\t\t\t\t\t<\/div>\n\t\t\t\t<\/div>\n\t\t\t\t<div class=\"elementor-element elementor-element-ed168fa elementor-widget elementor-widget-heading\" data-id=\"ed168fa\" data-element_type=\"widget\" data-widget_type=\"heading.default\">\n\t\t\t\t<div class=\"elementor-widget-container\">\n\t\t\t<h5 class=\"elementor-heading-title elementor-size-default\">Versandwege:<\/h5>\t\t<\/div>\n\t\t\t\t<\/div>\n\t\t\t\t<div class=\"elementor-element elementor-element-4043f072 elementor-widget elementor-widget-text-editor\" data-id=\"4043f072\" data-element_type=\"widget\" data-widget_type=\"text-editor.default\">\n\t\t\t\t<div class=\"elementor-widget-container\">\n\t\t\t\t\t\t\t<ol type=\"1\">\n<li>Den Versand der <a style=\"text-decoration: none;\" href=\"https:\/\/mars.ps.local:8100\/fussabdruckset\/\">Trittschaumbox<\/a>\u00a0zum Kunden<\/li>\n<li>Den Versand der fertigen Einlage zum Kunden<\/li>\n<\/ol>\n<p><!-- \/wp:list -->\n\n<!-- wp:paragraph --><\/p>\n<p>Die Kosten f\u00fcr die R\u00fccksendung der <a style=\"text-decoration: none;\" href=\"https:\/\/mars.ps.local:8100\/fussabdruckset\/\">Trittschaumbox<\/a>\u00a0an easySoles tr\u00e4gt der Kunde, da es uns leider nicht m\u00f6glich ist die R\u00fccksendung aus dem Ausland in den Bestellprozess zu integrieren<\/p>\n<p>Mit Aktualisierung der Internet-Seiten werden alle vorherigen Preise und sonstige Angaben \u00fcber Waren ung\u00fcltig. Ma\u00dfgeblich ist jeweils die zum Zeitpunkt der Bestellung g\u00fcltige Fassung.<\/p>\n<p><!-- \/wp:paragraph -->\n\n<!-- wp:separator --><!-- \/wp:separator -->\n\n<!-- wp:paragraph --><!-- \/wp:paragraph -->\n\n<!-- wp:paragraph --><!-- \/wp:paragraph -->\n\n<!-- wp:paragraph --><\/p>\n<p><!-- \/wp:paragraph --><\/p>\t\t\t\t\t\t<\/div>\n\t\t\t\t<\/div>\n\t\t\t\t\t<\/div>\n\t\t<\/div>\n\t\t\t\t\t\t\t<\/div>\n\t\t<\/section>\n\t\t\t\t\t\t\t<\/div>","protected":false},"excerpt":{"rendered":"<p>Versandarten In allen dargestellten Preisen sind die gesetzliche Umsatzsteuer und sonstige Preisbestandteile enthalten ohne die jeweilig anfallenden Liefer- und Versandkosten. Beim Kauf und der anschlie\u00dfenden Versendung unserer Waren berechnen wir folgende Verpackungs- und Versandgeb\u00fchren: Deutschland F\u00fcr Sendungen innerhalb Deutschlands fallen keine Versandkosten an. Versandwege: Den Versand der\u00a0Trittschaumbox\u00a0\u00a0zum Kunden R\u00fcckversand der\u00a0Trittschaumbox\u00a0\u00a0vom Kunden an easySoles (f\u00fcr die &hellip;<\/p>\n<p class=\"read-more\"> <a class=\"\" href=\"https:\/\/easysoles.info\/en\/versandarten\/\"> <span class=\"screen-reader-text\">Shipping methods<\/span> Read More &raquo;<\/a><\/p>","protected":false},"author":1,"featured_media":0,"parent":0,"menu_order":0,"comment_status":"closed","ping_status":"closed","template":"","meta":{"site-sidebar-layout":"default","site-content-layout":"default","ast-global-header-display":"","ast-main-header-display":"","ast-hfb-above-header-display":"","ast-hfb-below-header-display":"","ast-hfb-mobile-header-display":"","site-post-title":"","ast-breadcrumbs-content":"","ast-featured-img":"","footer-sml-layout":"","theme-transparent-header-meta":"","adv-header-id-meta":"","stick-header-meta":"","header-above-stick-meta":"","header-main-stick-meta":"","header-below-stick-meta":""},"yoast_head":"<!-- This site is optimized with the Yoast SEO plugin v20.3 - https:\/\/yoast.com\/wordpress\/plugins\/seo\/ -->\n<title>Versandarten - easySoles<\/title>\n<meta name=\"robots\" content=\"index, follow, max-snippet:-1, max-image-preview:large, max-video-preview:-1\" \/>\n<link rel=\"canonical\" href=\"https:\/\/easysoles.info\/en\/versandarten\/\" \/>\n<meta property=\"og:locale\" content=\"en_US\" \/>\n<meta property=\"og:type\" content=\"article\" \/>\n<meta property=\"og:title\" content=\"Versandarten - easySoles\" \/>\n<meta property=\"og:description\" content=\"Versandarten In allen dargestellten Preisen sind die gesetzliche Umsatzsteuer und sonstige Preisbestandteile enthalten ohne die jeweilig anfallenden Liefer- und Versandkosten. Beim Kauf und der anschlie\u00dfenden Versendung unserer Waren berechnen wir folgende Verpackungs- und Versandgeb\u00fchren: Deutschland F\u00fcr Sendungen innerhalb Deutschlands fallen keine Versandkosten an. Versandwege: Den Versand der\u00a0Trittschaumbox\u00a0\u00a0zum Kunden R\u00fcckversand der\u00a0Trittschaumbox\u00a0\u00a0vom Kunden an easySoles (f\u00fcr die &hellip; Versandarten Read More &raquo;\" \/>\n<meta property=\"og:url\" content=\"https:\/\/easysoles.info\/en\/versandarten\/\" \/>\n<meta property=\"og:site_name\" content=\"easySoles\" \/>\n<meta property=\"article:publisher\" content=\"https:\/\/www.facebook.com\/1easySoles\" \/>\n<meta property=\"article:modified_time\" content=\"2023-03-06T11:10:15+00:00\" \/>\n<meta name=\"twitter:card\" content=\"summary_large_image\" \/>\n<meta name=\"twitter:label1\" content=\"Est. reading time\" \/>\n\t<meta name=\"twitter:data1\" content=\"2 minutes\" \/>\n<script type=\"application\/ld+json\" class=\"yoast-schema-graph\">{\"@context\":\"https:\/\/schema.org\",\"@graph\":[{\"@type\":\"WebPage\",\"@id\":\"https:\/\/easysoles.info\/versandarten\/\",\"url\":\"https:\/\/easysoles.info\/versandarten\/\",\"name\":\"Versandarten - easySoles\",\"isPartOf\":{\"@id\":\"https:\/\/easysoles.info\/#website\"},\"datePublished\":\"2022-03-08T11:30:58+00:00\",\"dateModified\":\"2023-03-06T11:10:15+00:00\",\"breadcrumb\":{\"@id\":\"https:\/\/easysoles.info\/versandarten\/#breadcrumb\"},\"inLanguage\":\"en-US\",\"potentialAction\":[{\"@type\":\"ReadAction\",\"target\":[\"https:\/\/easysoles.info\/versandarten\/\"]}]},{\"@type\":\"BreadcrumbList\",\"@id\":\"https:\/\/easysoles.info\/versandarten\/#breadcrumb\",\"itemListElement\":[{\"@type\":\"ListItem\",\"position\":1,\"name\":\"Startseite\",\"item\":\"https:\/\/easysoles.info\/\"},{\"@type\":\"ListItem\",\"position\":2,\"name\":\"Versandarten\"}]},{\"@type\":\"WebSite\",\"@id\":\"https:\/\/easysoles.info\/#website\",\"url\":\"https:\/\/easysoles.info\/\",\"name\":\"easySoles\",\"description\":\"Die Modifikation Deiner High Heels\",\"publisher\":{\"@id\":\"https:\/\/easysoles.info\/#organization\"},\"potentialAction\":[{\"@type\":\"SearchAction\",\"target\":{\"@type\":\"EntryPoint\",\"urlTemplate\":\"https:\/\/easysoles.info\/?s={search_term_string}\"},\"query-input\":\"required name=search_term_string\"}],\"inLanguage\":\"en-US\"},{\"@type\":\"Organization\",\"@id\":\"https:\/\/easysoles.info\/#organization\",\"name\":\"easySoles\",\"url\":\"https:\/\/easysoles.info\/\",\"logo\":{\"@type\":\"ImageObject\",\"inLanguage\":\"en-US\",\"@id\":\"https:\/\/easysoles.info\/#\/schema\/logo\/image\/\",\"url\":\"https:\/\/easysoles.info\/wp-content\/uploads\/2021\/12\/Logo-ES-1.webp\",\"contentUrl\":\"https:\/\/easysoles.info\/wp-content\/uploads\/2021\/12\/Logo-ES-1.webp\",\"width\":1006,\"height\":619,\"caption\":\"easySoles\"},\"image\":{\"@id\":\"https:\/\/easysoles.info\/#\/schema\/logo\/image\/\"},\"sameAs\":[\"https:\/\/www.facebook.com\/1easySoles\",\"https:\/\/www.instagram.com\/easysoles_official\/\"]}]}<\/script>\n<!-- \/ Yoast SEO plugin. -->","yoast_head_json":{"title":"Versandarten - easySoles","robots":{"index":"index","follow":"follow","max-snippet":"max-snippet:-1","max-image-preview":"max-image-preview:large","max-video-preview":"max-video-preview:-1"},"canonical":"https:\/\/easysoles.info\/en\/versandarten\/","og_locale":"en_US","og_type":"article","og_title":"Versandarten - easySoles","og_description":"Versandarten In allen dargestellten Preisen sind die gesetzliche Umsatzsteuer und sonstige Preisbestandteile enthalten ohne die jeweilig anfallenden Liefer- und Versandkosten. Beim Kauf und der anschlie\u00dfenden Versendung unserer Waren berechnen wir folgende Verpackungs- und Versandgeb\u00fchren: Deutschland F\u00fcr Sendungen innerhalb Deutschlands fallen keine Versandkosten an. Versandwege: Den Versand der\u00a0Trittschaumbox\u00a0\u00a0zum Kunden R\u00fcckversand der\u00a0Trittschaumbox\u00a0\u00a0vom Kunden an easySoles (f\u00fcr die &hellip; Versandarten Read More &raquo;","og_url":"https:\/\/easysoles.info\/en\/versandarten\/","og_site_name":"easySoles","article_publisher":"https:\/\/www.facebook.com\/1easySoles","article_modified_time":"2023-03-06T11:10:15+00:00","twitter_card":"summary_large_image","twitter_misc":{"Est. reading time":"2 minutes"},"schema":{"@context":"https:\/\/schema.org","@graph":[{"@type":"WebPage","@id":"https:\/\/easysoles.info\/versandarten\/","url":"https:\/\/easysoles.info\/versandarten\/","name":"Versandarten - easySoles","isPartOf":{"@id":"https:\/\/easysoles.info\/#website"},"datePublished":"2022-03-08T11:30:58+00:00","dateModified":"2023-03-06T11:10:15+00:00","breadcrumb":{"@id":"https:\/\/easysoles.info\/versandarten\/#breadcrumb"},"inLanguage":"en-US","potentialAction":[{"@type":"ReadAction","target":["https:\/\/easysoles.info\/versandarten\/"]}]},{"@type":"BreadcrumbList","@id":"https:\/\/easysoles.info\/versandarten\/#breadcrumb","itemListElement":[{"@type":"ListItem","position":1,"name":"Startseite","item":"https:\/\/easysoles.info\/"},{"@type":"ListItem","position":2,"name":"Versandarten"}]},{"@type":"WebSite","@id":"https:\/\/easysoles.info\/#website","url":"https:\/\/easysoles.info\/","name":"easySoles","description":"Die Modifikation Deiner High Heels","publisher":{"@id":"https:\/\/easysoles.info\/#organization"},"potentialAction":[{"@type":"SearchAction","target":{"@type":"EntryPoint","urlTemplate":"https:\/\/easysoles.info\/?s={search_term_string}"},"query-input":"required name=search_term_string"}],"inLanguage":"en-US"},{"@type":"Organization","@id":"https:\/\/easysoles.info\/#organization","name":"easySoles","url":"https:\/\/easysoles.info\/","logo":{"@type":"ImageObject","inLanguage":"en-US","@id":"https:\/\/easysoles.info\/#\/schema\/logo\/image\/","url":"https:\/\/easysoles.info\/wp-content\/uploads\/2021\/12\/Logo-ES-1.webp","contentUrl":"https:\/\/easysoles.info\/wp-content\/uploads\/2021\/12\/Logo-ES-1.webp","width":1006,"height":619,"caption":"easySoles"},"image":{"@id":"https:\/\/easysoles.info\/#\/schema\/logo\/image\/"},"sameAs":["https:\/\/www.facebook.com\/1easySoles","https:\/\/www.instagram.com\/easysoles_official\/"]}]}},"_links":{"self":[{"href":"https:\/\/easysoles.info\/en\/wp-json\/wp\/v2\/pages\/1769"}],"collection":[{"href":"https:\/\/easysoles.info\/en\/wp-json\/wp\/v2\/pages"}],"about":[{"href":"https:\/\/easysoles.info\/en\/wp-json\/wp\/v2\/types\/page"}],"author":[{"embeddable":true,"href":"https:\/\/easysoles.info\/en\/wp-json\/wp\/v2\/users\/1"}],"replies":[{"embeddable":true,"href":"https:\/\/easysoles.info\/en\/wp-json\/wp\/v2\/comments?post=1769"}],"version-history":[{"count":8,"href":"https:\/\/easysoles.info\/en\/wp-json\/wp\/v2\/pages\/1769\/revisions"}],"predecessor-version":[{"id":2850,"href":"https:\/\/easysoles.info\/en\/wp-json\/wp\/v2\/pages\/1769\/revisions\/2850"}],"wp:attachment":[{"href":"https:\/\/easysoles.info\/en\/wp-json\/wp\/v2\/media?parent=1769"}],"curies":[{"name":"wp","href":"https:\/\/api.w.org\/{rel}","templated":true}]}}