{"id":1768,"date":"2022-03-08T12:30:58","date_gmt":"2022-03-08T11:30:58","guid":{"rendered":"https:\/\/localhost\/easysoles\/widerrufsbelehrung\/"},"modified":"2023-03-13T13:18:38","modified_gmt":"2023-03-13T12:18:38","slug":"widerrufsbelehrung","status":"publish","type":"page","link":"https:\/\/easysoles.info\/en\/widerrufsbelehrung\/","title":{"rendered":"Cancellation policy"},"content":{"rendered":"<div data-elementor-type=\"wp-page\" data-elementor-id=\"1768\" class=\"elementor elementor-1768\">\n\t\t\t\t\t\t\t<div class=\"elementor-element elementor-element-fb3b42d e-con-boxed e-con\" data-id=\"fb3b42d\" data-element_type=\"container\" data-settings=\"{&quot;content_width&quot;:&quot;boxed&quot;}\">\n\t\t\t\t\t<div class=\"e-con-inner\">\n\t\t\t\t<div class=\"elementor-element elementor-element-44ea745 elementor-widget elementor-widget-spacer\" data-id=\"44ea745\" data-element_type=\"widget\" data-widget_type=\"spacer.default\">\n\t\t\t\t<div class=\"elementor-widget-container\">\n\t\t\t<style>\/*! elementor - v3.11.5 - 14-03-2023 *\/\n.elementor-column .elementor-spacer-inner{height:var(--spacer-size)}.e-con{--container-widget-width:100%}.e-con-inner>.elementor-widget-spacer,.e-con>.elementor-widget-spacer{width:var(--container-widget-width,var(--spacer-size));--align-self:var(--container-widget-align-self,initial);--flex-shrink:0}.e-con-inner>.elementor-widget-spacer>.elementor-widget-container,.e-con-inner>.elementor-widget-spacer>.elementor-widget-container>.elementor-spacer,.e-con>.elementor-widget-spacer>.elementor-widget-container,.e-con>.elementor-widget-spacer>.elementor-widget-container>.elementor-spacer{height:100%}.e-con-inner>.elementor-widget-spacer>.elementor-widget-container>.elementor-spacer>.elementor-spacer-inner,.e-con>.elementor-widget-spacer>.elementor-widget-container>.elementor-spacer>.elementor-spacer-inner{height:var(--container-widget-height,var(--spacer-size))}<\/style>\t\t<div class=\"elementor-spacer\">\n\t\t\t<div class=\"elementor-spacer-inner\"><\/div>\n\t\t<\/div>\n\t\t\t\t<\/div>\n\t\t\t\t<\/div>\n\t\t\t\t<div class=\"elementor-element elementor-element-44ffa30 elementor-widget elementor-widget-heading\" data-id=\"44ffa30\" data-element_type=\"widget\" data-widget_type=\"heading.default\">\n\t\t\t\t<div class=\"elementor-widget-container\">\n\t\t\t<style>\/*! elementor - v3.11.5 - 14-03-2023 *\/\n.elementor-heading-title{padding:0;margin:0;line-height:1}.elementor-widget-heading .elementor-heading-title[class*=elementor-size-]>a{color:inherit;font-size:inherit;line-height:inherit}.elementor-widget-heading .elementor-heading-title.elementor-size-small{font-size:15px}.elementor-widget-heading .elementor-heading-title.elementor-size-medium{font-size:19px}.elementor-widget-heading .elementor-heading-title.elementor-size-large{font-size:29px}.elementor-widget-heading .elementor-heading-title.elementor-size-xl{font-size:39px}.elementor-widget-heading .elementor-heading-title.elementor-size-xxl{font-size:59px}<\/style><h1 class=\"elementor-heading-title elementor-size-default\">Cancellation policy<\/h1>\t\t<\/div>\n\t\t\t\t<\/div>\n\t\t\t\t<div class=\"elementor-element elementor-element-ed7973d elementor-widget elementor-widget-heading\" data-id=\"ed7973d\" data-element_type=\"widget\" data-widget_type=\"heading.default\">\n\t\t\t\t<div class=\"elementor-widget-container\">\n\t\t\t<h3 class=\"elementor-heading-title elementor-size-default\">Widerrufsrecht f\u00fcr Verbraucher<\/h3>\t\t<\/div>\n\t\t\t\t<\/div>\n\t\t\t\t<div class=\"elementor-element elementor-element-0017b88 elementor-widget elementor-widget-text-editor\" data-id=\"0017b88\" data-element_type=\"widget\" data-widget_type=\"text-editor.default\">\n\t\t\t\t<div class=\"elementor-widget-container\">\n\t\t\t<style>\/*! elementor - v3.11.5 - 14-03-2023 *\/\n.elementor-widget-text-editor.elementor-drop-cap-view-stacked .elementor-drop-cap{background-color:#818a91;color:#fff}.elementor-widget-text-editor.elementor-drop-cap-view-framed .elementor-drop-cap{color:#818a91;border:3px solid;background-color:transparent}.elementor-widget-text-editor:not(.elementor-drop-cap-view-default) .elementor-drop-cap{margin-top:8px}.elementor-widget-text-editor:not(.elementor-drop-cap-view-default) .elementor-drop-cap-letter{width:1em;height:1em}.elementor-widget-text-editor .elementor-drop-cap{float:left;text-align:center;line-height:1;font-size:50px}.elementor-widget-text-editor .elementor-drop-cap-letter{display:inline-block}<\/style>\t\t\t\t<p>Widerrufbelehrung f\u00fcr den Kauf von Waren: Verbraucher haben bei einem Kauf von Waren ein Widerrufsrecht von 14 Tagen. Verbraucher im Sinne des \u00a7 13 BGB (B\u00fcrgerliches Gesetzbuch) sind nat\u00fcrliche Personen, mit denen wir in gesch\u00e4ftliche Beziehungen treten, ohne dass dies \u00fcberwiegend einer gewerblichen oder selbstst\u00e4ndigen berufliche T\u00e4tigkeit zugerechnet werden kann.<\/p>\t\t\t\t\t\t<\/div>\n\t\t\t\t<\/div>\n\t\t\t\t<div class=\"elementor-element elementor-element-4b490d1 elementor-widget elementor-widget-heading\" data-id=\"4b490d1\" data-element_type=\"widget\" data-widget_type=\"heading.default\">\n\t\t\t\t<div class=\"elementor-widget-container\">\n\t\t\t<h3 class=\"elementor-heading-title elementor-size-default\">Cancellation policy<\/h3>\t\t<\/div>\n\t\t\t\t<\/div>\n\t\t\t\t<div class=\"elementor-element elementor-element-f559413 elementor-widget elementor-widget-text-editor\" data-id=\"f559413\" data-element_type=\"widget\" data-widget_type=\"text-editor.default\">\n\t\t\t\t<div class=\"elementor-widget-container\">\n\t\t\t\t\t\t\t<p><strong>Widerrufsrecht<\/strong><\/p><p>Sie haben das Recht, binnen 14 Tagen ohne Angabe von Gr\u00fcnden diesen Vertrag zu widerrufen. Die Widerrufsfrist betr\u00e4gt 14 Tage ab dem Tag, an dem Sie oder ein von Ihnen benannter Dritter, der nicht der Bef\u00f6rderer ist, die letzte Teilsendung oder das letzte St\u00fcck in Besitz genommen haben bzw. hat. Um Ihr Widerrufsrecht auszu\u00fcben, m\u00fcssen Sie uns, der<\/p><p>Project Solution GmbH<br \/>Bahnofstrasse 46<br \/>76137 Karlsruhe<br \/>Germany<\/p><p>mittels einer eindeutigen Erkl\u00e4rung (z. B. ein mit der Post versandter Brief oder E-Mail) \u00fcber Ihren Entschluss, diesen Vertrag zu widerrufen, informieren. Sie k\u00f6nnen daf\u00fcr das beigef\u00fcgte Muster-Widerrufsformular verwenden, das jedoch nicht vorgeschrieben ist.<\/p><p>Zur Wahrung der Widerrufsfrist reicht es aus, dass Sie die Mitteilung \u00fcber die Aus\u00fcbung des Widerrufsrechts vor Ablauf der Widerrufsfrist absenden.<\/p><p><strong>Folgen des Widerrufs<\/strong><\/p><p>Wenn Sie diesen Vertrag widerrufen, haben wir Ihnen alle Zahlungen, die wir von Ihnen erhalten haben, abz\u00fcglich der Lieferkosten bei Auslandsbestellungen (diese tragen Sie weiterhin), unverz\u00fcglich und sp\u00e4testens binnen vierzehn Tagen ab dem Tag zur\u00fcckzuzahlen, an dem die Mitteilung \u00fcber Ihren Widerruf dieses Vertrags bei uns eingegangen ist. F\u00fcr diese R\u00fcckzahlung verwenden wir dasselbe Zahlungsmittel, das Sie bei der urspr\u00fcnglichen Transaktion eingesetzt haben, es sei denn, mit Ihnen wurde ausdr\u00fccklich etwas anderes vereinbart; in keinem Fall werden Ihnen wegen dieser R\u00fcckzahlung Entgelte berechnet. Wir k\u00f6nnen die R\u00fcckzahlung verweigern, bis wir die Waren wieder zur\u00fcckerhalten haben oder bis Sie den Nachweis erbracht haben, dass Sie die Waren zur\u00fcckgesandt haben, je nachdem, welches der fr\u00fchere Zeitpunkt ist. Sie haben die Waren unverz\u00fcglich und in jedem Fall sp\u00e4testens binnen vierzehn Tagen ab dem Tag, an dem Sie uns \u00fcber den Widerruf dieses Vertrags unterrichten, an uns zur\u00fcckzusenden oder zu \u00fcbergeben. Die Frist ist gewahrt, wenn Sie die Waren vor Ablauf der Frist von vierzehn Tagen absenden. Im Falle eines R\u00fccksendung tr\u00e4gt der Kunde die anfallenden Retourekosten, sofern die R\u00fccksendung nicht durch M\u00e4ngel des Produktes oder fehlerhaftes Verhalten unsererseits notwendig geworden ist. Sie m\u00fcssen f\u00fcr einen etwaigen Wertverlust der Waren nur aufkommen, wenn dieser Wertverlust auf einen zur Pr\u00fcfung der Beschaffenheit, Eigenschaften und Funktionsweise der Waren nicht notwendigen Umgang mit ihnen zur\u00fcckzuf\u00fchren ist.<\/p><p><strong>Muster-Widerrufsformular<\/strong><\/p><p>Wenn Sie den Vertrag widerrufen wollen, dann erg\u00e4nzen Sie bitte nachfolgende Daten und senden diese per Mail oder Post an:<\/p><p>Project Solution GmbH<br \/>Bahnofstrasse 46<br \/>76137 Karlsruhe<br \/>Germany<br \/>E-Mail: info@easysoles.de<\/p><p>Hiermit widerrufe(n) ich\/wir (*) den von mir\/uns (*) abgeschlossenen Vertrag \u00fcber den Kauf der folgenden Waren (*)\/ die Erbringung der folgenden Dienstleistung (*):<\/p><p>1. Bestellt am (*)\/erhalten am (*)<br \/>2. Name des\/der Empf\u00e4nger(s)<br \/>3. Anschrift des\/der Empf\u00e4nger(s)<br \/>4. Name des\/der Vertragspartner(s)<br \/>5. Anschrift des\/der Vertragspartner(s)<br \/>6. Datum<br \/>7. Nur bei Mitteilung auf Papier: Unterschrift<\/p><p>(*) Unzutreffendes streichen<\/p><p><strong>Ende der Widerrufsbelehrung<\/strong><\/p><p><em>Hinweis auf Nichtbestehen des Widerrufsrechts:<\/em><br \/>Das Widerrufsrecht besteht nicht bei Fernabsatzvertr\u00e4gen zur Lieferung von Waren, die nicht vorgefertigt sind und deren Herstellung eine individuelle Auswahl oder Bestimmung durch den Verbraucher ma\u00dfgeblich ist oder die eindeutig auf die pers\u00f6nlichen Bed\u00fcrfnisse des Verbrauchers zugeschnitten sind (z.B. Kauf von Waren bei gleichzeitiger Kombination mit einer angeboten Dienstleistung, wie z.B. der individuellen Anpassung an den Fu\u00df).<\/p>\t\t\t\t\t\t<\/div>\n\t\t\t\t<\/div>\n\t\t\t\t<div class=\"elementor-element elementor-element-807ff45 elementor-widget elementor-widget-heading\" data-id=\"807ff45\" data-element_type=\"widget\" data-widget_type=\"heading.default\">\n\t\t\t\t<div class=\"elementor-widget-container\">\n\t\t\t<h3 class=\"elementor-heading-title elementor-size-default\">Vereinbarung zur Aus\u00fcbung des Widerrufsrechts f\u00fcr den Kauf von Waren durch Verbraucher<\/h3>\t\t<\/div>\n\t\t\t\t<\/div>\n\t\t\t\t<div class=\"elementor-element elementor-element-2d19c05 elementor-widget elementor-widget-text-editor\" data-id=\"2d19c05\" data-element_type=\"widget\" data-widget_type=\"text-editor.default\">\n\t\t\t\t<div class=\"elementor-widget-container\">\n\t\t\t\t\t\t\tVerbraucher im Sinne des \u00a7 13 BGB (B\u00fcrgerliches Gesetzbuch) haben die M\u00f6glichkeit, durch R\u00fccksendung der Ware ihr Widerrufsrecht bei Fernabsatzvertr\u00e4gen auszu\u00fcben. Der Verbraucher ist f\u00fcr die wirksame und rechtzeitige Aus\u00fcbung des Widerrufsrechts innerhalb der Widerrufsfrist von 14 Tagen gem\u00e4\u00df der Widerrufsbelehrung verpflichtet, die Ware bei der R\u00fccksendung ausdr\u00fccklich so zu kennzeichnen, dass die R\u00fccksendung durch uns als Widerruf zu erkennen ist. Werden innerhalb einer Warenr\u00fccksendung mehrere Waren an uns zur\u00fcckgeschickt, so muss der Verbraucher eindeutig kenntlich machen, welche der zur\u00fcckgesendeten Waren von der Aus\u00fcbung des Widerrufsrechts bei Fernabsatzvertr\u00e4gen umfasst werden soll. Erfolgt keine Kennzeichnung der Waren bei der R\u00fccksendung mehrerer Waren oder die nicht als Widerruf gekennzeichnete oder bezeichnete R\u00fccksendung, so ist das Widerrufsrecht durch R\u00fccksendung vorbehaltlich weiterer durch den Verbraucher genutzter M\u00f6glichkeiten zum Widerruf nicht wirksam und nicht fristgerecht ausge\u00fcbt worden.\t\t\t\t\t\t<\/div>\n\t\t\t\t<\/div>\n\t\t\t\t\t<\/div>\n\t\t\t\t<\/div>\n\t\t\t\t\t\t\t<\/div>","protected":false},"excerpt":{"rendered":"<p>Widerrufsbelehrung Widerrufsrecht f\u00fcr Verbraucher Widerrufbelehrung f\u00fcr den Kauf von Waren: Verbraucher haben bei einem Kauf von Waren ein Widerrufsrecht von 14 Tagen. Verbraucher im Sinne des \u00a7 13 BGB (B\u00fcrgerliches Gesetzbuch) sind nat\u00fcrliche Personen, mit denen wir in gesch\u00e4ftliche Beziehungen treten, ohne dass dies \u00fcberwiegend einer gewerblichen oder selbstst\u00e4ndigen berufliche T\u00e4tigkeit zugerechnet werden kann. Widerrufsbelehrung &hellip;<\/p>\n<p class=\"read-more\"> <a class=\"\" href=\"https:\/\/easysoles.info\/en\/widerrufsbelehrung\/\"> <span class=\"screen-reader-text\">Cancellation policy<\/span> Read More &raquo;<\/a><\/p>","protected":false},"author":1,"featured_media":0,"parent":0,"menu_order":0,"comment_status":"closed","ping_status":"closed","template":"","meta":{"site-sidebar-layout":"no-sidebar","site-content-layout":"page-builder","ast-global-header-display":"","ast-main-header-display":"","ast-hfb-above-header-display":"","ast-hfb-below-header-display":"","ast-hfb-mobile-header-display":"","site-post-title":"disabled","ast-breadcrumbs-content":"","ast-featured-img":"disabled","footer-sml-layout":"","theme-transparent-header-meta":"","adv-header-id-meta":"","stick-header-meta":"","header-above-stick-meta":"","header-main-stick-meta":"","header-below-stick-meta":""},"yoast_head":"<!-- This site is optimized with the Yoast SEO plugin v20.3 - https:\/\/yoast.com\/wordpress\/plugins\/seo\/ -->\n<title>Widerrufsbelehrung - easySoles<\/title>\n<meta name=\"robots\" content=\"index, follow, max-snippet:-1, max-image-preview:large, max-video-preview:-1\" \/>\n<link rel=\"canonical\" href=\"https:\/\/easysoles.info\/en\/widerrufsbelehrung\/\" \/>\n<meta property=\"og:locale\" content=\"en_US\" \/>\n<meta property=\"og:type\" content=\"article\" \/>\n<meta property=\"og:title\" content=\"Widerrufsbelehrung - easySoles\" \/>\n<meta property=\"og:description\" content=\"Widerrufsbelehrung Widerrufsrecht f\u00fcr Verbraucher Widerrufbelehrung f\u00fcr den Kauf von Waren: Verbraucher haben bei einem Kauf von Waren ein Widerrufsrecht von 14 Tagen. Verbraucher im Sinne des \u00a7 13 BGB (B\u00fcrgerliches Gesetzbuch) sind nat\u00fcrliche Personen, mit denen wir in gesch\u00e4ftliche Beziehungen treten, ohne dass dies \u00fcberwiegend einer gewerblichen oder selbstst\u00e4ndigen berufliche T\u00e4tigkeit zugerechnet werden kann. Widerrufsbelehrung &hellip; Widerrufsbelehrung Read More &raquo;\" \/>\n<meta property=\"og:url\" content=\"https:\/\/easysoles.info\/en\/widerrufsbelehrung\/\" \/>\n<meta property=\"og:site_name\" content=\"easySoles\" \/>\n<meta property=\"article:publisher\" content=\"https:\/\/www.facebook.com\/1easySoles\" \/>\n<meta property=\"article:modified_time\" content=\"2023-03-13T12:18:38+00:00\" \/>\n<meta name=\"twitter:card\" content=\"summary_large_image\" \/>\n<meta name=\"twitter:label1\" content=\"Est. reading time\" \/>\n\t<meta name=\"twitter:data1\" content=\"4 minutes\" \/>\n<script type=\"application\/ld+json\" class=\"yoast-schema-graph\">{\"@context\":\"https:\/\/schema.org\",\"@graph\":[{\"@type\":\"WebPage\",\"@id\":\"https:\/\/easysoles.info\/widerrufsbelehrung\/\",\"url\":\"https:\/\/easysoles.info\/widerrufsbelehrung\/\",\"name\":\"Widerrufsbelehrung - easySoles\",\"isPartOf\":{\"@id\":\"https:\/\/easysoles.info\/#website\"},\"datePublished\":\"2022-03-08T11:30:58+00:00\",\"dateModified\":\"2023-03-13T12:18:38+00:00\",\"breadcrumb\":{\"@id\":\"https:\/\/easysoles.info\/widerrufsbelehrung\/#breadcrumb\"},\"inLanguage\":\"en-US\",\"potentialAction\":[{\"@type\":\"ReadAction\",\"target\":[\"https:\/\/easysoles.info\/widerrufsbelehrung\/\"]}]},{\"@type\":\"BreadcrumbList\",\"@id\":\"https:\/\/easysoles.info\/widerrufsbelehrung\/#breadcrumb\",\"itemListElement\":[{\"@type\":\"ListItem\",\"position\":1,\"name\":\"Startseite\",\"item\":\"https:\/\/easysoles.info\/\"},{\"@type\":\"ListItem\",\"position\":2,\"name\":\"Widerrufsbelehrung\"}]},{\"@type\":\"WebSite\",\"@id\":\"https:\/\/easysoles.info\/#website\",\"url\":\"https:\/\/easysoles.info\/\",\"name\":\"easySoles\",\"description\":\"Die Modifikation Deiner High Heels\",\"publisher\":{\"@id\":\"https:\/\/easysoles.info\/#organization\"},\"potentialAction\":[{\"@type\":\"SearchAction\",\"target\":{\"@type\":\"EntryPoint\",\"urlTemplate\":\"https:\/\/easysoles.info\/?s={search_term_string}\"},\"query-input\":\"required name=search_term_string\"}],\"inLanguage\":\"en-US\"},{\"@type\":\"Organization\",\"@id\":\"https:\/\/easysoles.info\/#organization\",\"name\":\"easySoles\",\"url\":\"https:\/\/easysoles.info\/\",\"logo\":{\"@type\":\"ImageObject\",\"inLanguage\":\"en-US\",\"@id\":\"https:\/\/easysoles.info\/#\/schema\/logo\/image\/\",\"url\":\"https:\/\/easysoles.info\/wp-content\/uploads\/2021\/12\/Logo-ES-1.webp\",\"contentUrl\":\"https:\/\/easysoles.info\/wp-content\/uploads\/2021\/12\/Logo-ES-1.webp\",\"width\":1006,\"height\":619,\"caption\":\"easySoles\"},\"image\":{\"@id\":\"https:\/\/easysoles.info\/#\/schema\/logo\/image\/\"},\"sameAs\":[\"https:\/\/www.facebook.com\/1easySoles\",\"https:\/\/www.instagram.com\/easysoles_official\/\"]}]}<\/script>\n<!-- \/ Yoast SEO plugin. -->","yoast_head_json":{"title":"Widerrufsbelehrung - easySoles","robots":{"index":"index","follow":"follow","max-snippet":"max-snippet:-1","max-image-preview":"max-image-preview:large","max-video-preview":"max-video-preview:-1"},"canonical":"https:\/\/easysoles.info\/en\/widerrufsbelehrung\/","og_locale":"en_US","og_type":"article","og_title":"Widerrufsbelehrung - easySoles","og_description":"Widerrufsbelehrung Widerrufsrecht f\u00fcr Verbraucher Widerrufbelehrung f\u00fcr den Kauf von Waren: Verbraucher haben bei einem Kauf von Waren ein Widerrufsrecht von 14 Tagen. Verbraucher im Sinne des \u00a7 13 BGB (B\u00fcrgerliches Gesetzbuch) sind nat\u00fcrliche Personen, mit denen wir in gesch\u00e4ftliche Beziehungen treten, ohne dass dies \u00fcberwiegend einer gewerblichen oder selbstst\u00e4ndigen berufliche T\u00e4tigkeit zugerechnet werden kann. Widerrufsbelehrung &hellip; Widerrufsbelehrung Read More &raquo;","og_url":"https:\/\/easysoles.info\/en\/widerrufsbelehrung\/","og_site_name":"easySoles","article_publisher":"https:\/\/www.facebook.com\/1easySoles","article_modified_time":"2023-03-13T12:18:38+00:00","twitter_card":"summary_large_image","twitter_misc":{"Est. reading time":"4 minutes"},"schema":{"@context":"https:\/\/schema.org","@graph":[{"@type":"WebPage","@id":"https:\/\/easysoles.info\/widerrufsbelehrung\/","url":"https:\/\/easysoles.info\/widerrufsbelehrung\/","name":"Widerrufsbelehrung - easySoles","isPartOf":{"@id":"https:\/\/easysoles.info\/#website"},"datePublished":"2022-03-08T11:30:58+00:00","dateModified":"2023-03-13T12:18:38+00:00","breadcrumb":{"@id":"https:\/\/easysoles.info\/widerrufsbelehrung\/#breadcrumb"},"inLanguage":"en-US","potentialAction":[{"@type":"ReadAction","target":["https:\/\/easysoles.info\/widerrufsbelehrung\/"]}]},{"@type":"BreadcrumbList","@id":"https:\/\/easysoles.info\/widerrufsbelehrung\/#breadcrumb","itemListElement":[{"@type":"ListItem","position":1,"name":"Startseite","item":"https:\/\/easysoles.info\/"},{"@type":"ListItem","position":2,"name":"Widerrufsbelehrung"}]},{"@type":"WebSite","@id":"https:\/\/easysoles.info\/#website","url":"https:\/\/easysoles.info\/","name":"easySoles","description":"Die Modifikation Deiner High Heels","publisher":{"@id":"https:\/\/easysoles.info\/#organization"},"potentialAction":[{"@type":"SearchAction","target":{"@type":"EntryPoint","urlTemplate":"https:\/\/easysoles.info\/?s={search_term_string}"},"query-input":"required name=search_term_string"}],"inLanguage":"en-US"},{"@type":"Organization","@id":"https:\/\/easysoles.info\/#organization","name":"easySoles","url":"https:\/\/easysoles.info\/","logo":{"@type":"ImageObject","inLanguage":"en-US","@id":"https:\/\/easysoles.info\/#\/schema\/logo\/image\/","url":"https:\/\/easysoles.info\/wp-content\/uploads\/2021\/12\/Logo-ES-1.webp","contentUrl":"https:\/\/easysoles.info\/wp-content\/uploads\/2021\/12\/Logo-ES-1.webp","width":1006,"height":619,"caption":"easySoles"},"image":{"@id":"https:\/\/easysoles.info\/#\/schema\/logo\/image\/"},"sameAs":["https:\/\/www.facebook.com\/1easySoles","https:\/\/www.instagram.com\/easysoles_official\/"]}]}},"_links":{"self":[{"href":"https:\/\/easysoles.info\/en\/wp-json\/wp\/v2\/pages\/1768"}],"collection":[{"href":"https:\/\/easysoles.info\/en\/wp-json\/wp\/v2\/pages"}],"about":[{"href":"https:\/\/easysoles.info\/en\/wp-json\/wp\/v2\/types\/page"}],"author":[{"embeddable":true,"href":"https:\/\/easysoles.info\/en\/wp-json\/wp\/v2\/users\/1"}],"replies":[{"embeddable":true,"href":"https:\/\/easysoles.info\/en\/wp-json\/wp\/v2\/comments?post=1768"}],"version-history":[{"count":4,"href":"https:\/\/easysoles.info\/en\/wp-json\/wp\/v2\/pages\/1768\/revisions"}],"predecessor-version":[{"id":2857,"href":"https:\/\/easysoles.info\/en\/wp-json\/wp\/v2\/pages\/1768\/revisions\/2857"}],"wp:attachment":[{"href":"https:\/\/easysoles.info\/en\/wp-json\/wp\/v2\/media?parent=1768"}],"curies":[{"name":"wp","href":"https:\/\/api.w.org\/{rel}","templated":true}]}}